{"id":559,"date":"2017-04-27T10:43:22","date_gmt":"2017-04-27T08:43:22","guid":{"rendered":"http:\/\/www.ciliates.at\/en\/?page_id=559"},"modified":"2020-06-29T10:47:35","modified_gmt":"2020-06-29T08:47:35","slug":"thomas-proschold","status":"publish","type":"page","link":"https:\/\/www.ciliates.at\/en\/thomas-proschold\/","title":{"rendered":"Thomas Pr\u00f6schold"},"content":{"rendered":"<p><img loading=\"lazy\" decoding=\"async\" class=\"alignnone size-full wp-image-579 colorbox-559\" src=\"https:\/\/www.ciliates.at\/en\/wp-content\/uploads\/sites\/2\/2017\/04\/Portrait-TP.jpg\" alt=\"\" width=\"157\" height=\"228\" \/><\/p>\n<h3><strong>Postdoc<\/strong><\/h3>\n<p>since January 2017 at the Research Institute for Limnology, Mondsee of the Leopold-Franzens-University Innsbruck (LFUI) in the research group \u2018Ecology and Taxonomy of planktonic Ciliates\u2019<\/p>\n<p>in the FWF-Project <a href=\"https:\/\/www.ciliates.at\/en\/freshwater-endosymbiotic-algae-and-their-ciliate-hosts-morphology-phylogeny-ecology-2\/\">Endosymbiotic Algae and their Ciliate Hosts: Morphology, Phylogeny, Ecology<\/a> (P28333-B25), PI B. Sonntag &amp; T. Pr\u00f6schold, Duration April 2016 \u2013 March 2021<\/p>\n<h3>Expertise: Systematics, Taxonomy and molecular Phylogeny of (Green) Algae and Protists<\/h3>\n<h3><\/h3>\n<h3>Scientific CV<\/h3>\n<p><strong>Jan 2017 \u2013 present Post Doc <\/strong>at the Research Department for Limnology, Mondsee of the Leopold-Franzens-University of Innsbruck (LFUI) in the research group \u2018Ciliate ecology and taxonomy\u2019, within the FWF project <a href=\"https:\/\/www.ciliates.at\/en\/2015\/11\/23\/freshwater-endosymbiotic-algae-and-their-ciliate-hosts-morphology-phylogeny-ecology\/\"><strong>Freshwater endosymbiotic algae and their ciliate hosts: morphology, phylogeny, ecology. <\/strong><\/a>FWF Austrian Science Fund (P28333-B25), PIs B. Sonntag and T. Pr\u00f6schold, April 2016 \u2013 March 2021<\/p>\n<p><strong>Sept 2015 &#8211; Aug 2016<\/strong> University Professor for Taxonomy and Systematics of Microalgae, Universidad de Concepci\u00f3n, Chile<\/p>\n<p><strong>Feb 2015 &#8211; Dec 2016 <\/strong>(Guest) Scientist at the Culture Collection of Algae (&#8220;Sammlung von Algenkulturen&#8221;; SAG), University of G\u00f6ttingen, Germany<\/p>\n<p><strong>Oct 2014 <\/strong>Habilitation at the University of Vienna (A): Generic and species concepts in green algae (Chlorophyta)<\/p>\n<p><strong>Jul 2011\u2013Dec 2013<\/strong> Postdoc at the University of Rostock (D), Department of Applied Ecology (Ulf Karsten)<\/p>\n<p><strong>Feb 2010\u2013Jun 2011<\/strong> Postdoc at the University of Vienna, Department of Limnology (Michael Schagerl)<\/p>\n<p><strong>Jun 2004\u2013Oct 2009<\/strong> Phycologist and Molecular Biologist at the Culture Collection of Algae and Protozoa (CCAP) at SAMS, Dunbeg near Oban (Scotland)<\/p>\n<p><strong>Apr 2003\u2013Feb 2004<\/strong> Postdoc at the University of Cologne (D), Botanical Institute I (DFG-Project &#8216;Generic and species concept among the Volvocales&#8217;)<\/p>\n<p><strong>Feb 2002\u2013Mar 2003<\/strong> Postdoc at the Brown University in Providence, Rhode Island (USA), Department BioMed (Annette Coleman; DFG-Project &#8216;Generic and species concept among the Volvocales&#8217;)<\/p>\n<p><strong>Sep 1999\u2013Dec 2001<\/strong> Research Associate at the University of Cologne (D), Botanical Institute I<\/p>\n<p><strong>Feb 1998\u2013Jan 1999<\/strong> Research Associate at the University of G\u00f6ttingen (D), Albrecht-von-Haller-Institute of Plant Science, Department of Systematic Botany<\/p>\n<p><strong>Sep 1991\u2013Sep 1994<\/strong> Research Associate at the University of G\u00f6ttingen (D), Institute for Plant Physiology<\/p>\n<p><strong>Nov 1997<\/strong> Doctoral Study at the University of G\u00f6ttingen (D), Collection of Algal Cultures (SAG). Topic: Gametogenesis in unicellular green algae<\/p>\n<p><strong>Aug 1991<\/strong> Diploma at the University of G\u00f6ttingen (D), Collection of Algal Cultures (SAG). Topic: Zur Oogamie bei <em>Chlamydomonas<\/em><\/p>\n<p><strong>Oct 1989<\/strong> Master in Botany, Mikrobiology and Physikalischer Chemistry at the University of G\u00f6ttingen (D)<\/p>\n<p><strong>Apr 1988<\/strong> Bachelor in Botany, Mikrobiology and inorganic and Physikalischer Chemistry at the University of G\u00f6ttingen (D)<\/p>\n<h2><\/h2>\n<h2>Publications:<\/h2>\n<p>Spanner C, Darienko T, Biehler T, Sonntag B, Pr\u00f6schold T (2020) Endosymbiotic green algae in <em>Paramecium bursaria<\/em>: A new isolation method and a simple diagnostic PCR approach for the identification, Diversity 12: 240 <a href=\"https:\/\/www.mdpi.com\/1424-2818\/12\/6\/240\">PDF<\/a><\/p>\n<p>Pr\u00f6schold T, Pitsch G, Darienko T (2020) <em>Micractinium tetrahymenae<\/em> (Trebouxiophyceae, Chlorophyta), a new endosymbiont isolated from ciliates. Diversity 12:200\u00a0 <a href=\"https:\/\/www.mdpi.com\/1424-2818\/12\/5\/200\">PDF<\/a><\/p>\n<p>Pr\u00f6schold T, Darienko T, Guiry MD (2020) Nomenclatural corrections in the green algal genus <em>Deuterostichococcus<\/em> Pr\u00f6schold &amp; Darienko (Trebouxiophyceae), Notulae algarum 137 <a href=\"https:\/\/www.uibk.ac.at\/limno\/files\/pdf\/proeschold-et-al_2020-notulae-algarum.pdf\">PDF<\/a><\/p>\n<p>Pr\u00f6schold T, Darienko T (2020) The green puzzle <em>Stichococcus<\/em> (Trebouxiophyceae, Chlorophyta): New generic and species concept among this widely distributed genus. Phytotaxa 441(2): 113-142 <a href=\"https:\/\/www.biotaxa.org\/Phytotaxa\/article\/view\/phytotaxa.441.2.2\">PDF<\/a><\/p>\n<p>Darienko T, Rad-Men\u00e9ndez C, Campbell C, Pr\u00f6schold T (2019) Are there any true marine <em>Chlorella<\/em> species? Molecular phylogenetic assessment and ecology of marine <em>Chlorella<\/em>-like organisms, including a description of <em>Droopiella<\/em> gen. nov. Systematics and Biodiversity 17: 811-829 <a href=\"https:\/\/www.tandfonline.com\/doi\/full\/10.1080\/14772000.2019.1690597\">PDF<\/a><\/p>\n<p>Darienko T, Kang W, Orzechowski AK, Pr\u00f6schold T (2019). <em>Pleurastrosarcina terriformae<\/em>, a new species of a rare desert trebouxiophycean alga discovered by an integrative approach. Extremophiles 23: 573-586 <a href=\"https:\/\/link.springer.com\/article\/10.1007\/s00792-019-01108-5\">PDF<\/a><\/p>\n<p>Darienko T, Pr\u00f6schold T (2019) Reevaluation and discovery of new species of the rare genus <em>Watanabea<\/em> and establishment of <em>Massjukichlorella<\/em> gen. nov. (Trebouxiophyceae, Chlorophyta) using an integrative approach. J Phycol 55: 493-499 <a href=\"https:\/\/onlinelibrary.wiley.com\/doi\/abs\/10.1111\/jpy.12830\">PDF<\/a><\/p>\n<p>Darienko T, Pr\u00f6schold T (2019) The genus <em>Jaagichlorella<\/em> Reisigl (Trebouxiophyceae, Chlorophyta) and its close relatives: an evolutionary puzzle. Phytotaxa 388: 47-68 <a href=\"https:\/\/www.biotaxa.org\/Phytotaxa\/article\/view\/phytotaxa.388.1.2\">PDF<\/a><\/p>\n<p>Darienko T, Pr\u00f6schold T (2018). <em>Watanabea borysthenica<\/em> sp. nov., including \u2018<em>Watanabea pyrenoidosa<\/em>\u2019nom. inval. (Trebouxiaceae, Trebouxiophyceae). Notulae Algarum 73: 1-4 <a href=\"https:\/\/www.notulaealgarum.com\/documents\/Notulae%20algarum%20no.%2073.pdf\">PDF<\/a><\/p>\n<p>Pr\u00f6schold T, Darienko T (2018) The distinctions between <em>Chlamydomonas incerta<\/em> Pascher and Chlamydomonas globosa J.W. Snow and their taxonomic consequences. Notulae Algarum 56: 1-4 <a href=\"https:\/\/www.notulaealgarum.com\/documents\/Notulae%20algarum%20No.%2056.pdf\">PDF<\/a><\/p>\n<p>Pr\u00f6schold T, Darienko T, Krienitz L, Coleman AW (2018) <em>Chlamydomonas schloesseri<\/em> sp. nov. (Chlamydophyceae, Chlorophyta) revealed by morphology, autolysin cross experiments, and multiple gene analyses. Phytotaxa 362: 21-38 <a href=\"https:\/\/www.biotaxa.org\/Phytotaxa\/article\/view\/phytotaxa.362.1.2\">PDF<\/a><\/p>\n<p>Darienko T, Lukesova A, Pr\u00f6schold T (2018) The polyphasic approach revealed new species of <em>Chloroidium<\/em> (Trebouxiophyceae, Chlorophyta). Phytotaxa 372: 51-66 <a href=\"https:\/\/www.mapress.com\/j\/pt\/article\/view\/phytotaxa.372.1.4\">PDF<\/a><\/p>\n<p>Darienko T, Pr\u00f6schold T (2018) The establishment of <em>Diplosphaera epiphytica<\/em> sp. nov. and its distinction from <em>Chlorella <\/em><em>sphaerica<\/em> Tschermak-Woess. Notulae algarum 54: 1-4 <a href=\"https:\/\/www.notulaealgarum.com\/documents\/Notulae%20algarum%20No.%2054.pdf\">PDF<\/a><\/p>\n<p>Pr\u00f6schold T, Darienko T (2018) The distinctions between <em>Chlamydomonas incerta<\/em> Pascher and <em>Chlamydomonas globosa<\/em> J.W. Snow and their taxonomic consequences. Notulae algarum 56: 1-4 <a href=\"https:\/\/www.notulaealgarum.com\/documents\/Notulae%20algarum%20No.%2056.pdf\">PDF<\/a><\/p>\n<p>Pr\u00f6schold T, Darienko T, Krienitz L, Coleman AW (2018) <em>Chlamydomonas schloesseri<\/em> sp. nov. (Chlamydophyceae, Chlorophyta) revealed by morphology, autolysin cross experiments, and multiple gene analyses. Phytotaxa 362: 021-038 <a id=\"pub-id::doi\" href=\"https:\/\/dx.doi.org\/10.11646\/phytotaxa.362.1.2\">PDF<\/a><\/p>\n<p>Darienko T, Pr\u00f6schold T (2017) Toward a monograph of non-marine Ulvophyceae using an integrative approach (Molecular phylogeny and systematics of terrestrial Ulvophyceae II) Phytotaxa 324: 1-41<\/p>\n<p>Albrecht M, Pr\u00f6schold T, Schumann R (2017) Identification of cyanobacteria in a eutrophic coastal lagoon on the southern Baltic coast. Frontiers in Microbiol 8: 923<\/p>\n<p>Gustavs L, Schiefelbein U, Darienko T, Pr\u00f6schold T (2017): Symbioses of the green algal genera <em>Coccomyxa <\/em>and <em>Elliptochloris <\/em>(Trebouxiophyceae, Chlorophyta). In Seckbach J, Grube M, Muggia L (eds): Algae and Cyanobacteria Symbioses. pp. 169-208<\/p>\n<p>Darienko T, Gustavs L, Pr\u00f6schold T (2016) Species concept and nomenclatural changes within the genera <em>Elliptochloris<\/em> and <em>Pseudochlorella<\/em> (Trebouxiophyceae) based on an integrative approach. J Phycol 52: 1125-1145<\/p>\n<p>Darienko T, Gustavs L, Eggert A, Wolf W, Pr\u00f6schold T (2015) Evaluating the species boundaries of green microalgae (<em>Coccomyxa<\/em>, Trebouxiophyceae, Chlorophyta) using integrative taxonomy and DNA barcoding with further implications for the species identification in environmental samples. PLOS One 10: e0127838<\/p>\n<p>Darienko T, Pr\u00f6schold T (2015) Genetic variability and taxonomic revision of the genus <em>Auxenochlorella<\/em> (Shihira et Krauss) Kalina et Puncocharova (Trebouxiophyceae, Chlorophyta). J Phycol 51: 394-400<\/p>\n<p>Allewaert CC, Vanormelingen P, Pr\u00f6schold T, Gomez PI, Gonzalez MA, Bilcke G, D\u2018Hondt S, Vyverman W (2015) Species diversity in European <em>Haematococcus pluvialis<\/em> (Chlorophyceae, Volvocales). Phycologia 54: 583-598<\/p>\n<p>Kitzing C, Pr\u00f6schold T, Karsten U (2014) UV-induced effects on growth, photosynthetic performance and sunscreen contents in different populations of the green alga <em>Klebsormidium fluitans<\/em> (Streptophyta) from alpine soil crusts. Microbial Ecol 67: 327-340<\/p>\n<p>Karsten U, Pr\u00f6schold T, Mikhailyuk T, Holzinger A (2013)\u00a0 Photosynthetic performance of different genotypes of the green alga <em>Klebsormidium<\/em> sp. (Streptophyta) isolated from biological soil crusts of the Alps. Algol Stud 142: 45-62<\/p>\n<p>Gonz\u00e1lez MA, Pr\u00f6schold T, Palacios Y, Aguayo P, Inostroza I, G\u00f3mez PI (2013) Taxonomic identification and lipid production of two Chilean <em>Chlorella<\/em>-like strains isolated from a marine and an estuarine coastal environment. AoB Plants 5: 1-12<\/p>\n<p>Blanc G, Agarkova I, Grimwood J, Kuo A, Brueggeman A,Dunigan DD, Gurnon J, Ladunga I, Lindquist E, Lucas S, Pangilinan J, Pr\u00f6schold T, Salamov A, Schmutz J, Weeks D, Yamada T, Lomsadze A, Borodovsky M, Claverie J-M, Grigoriev IV, Van Etten JL (2012) The genome of the polar eukaryotic microalga <em>Coccomyxa subellipsoidea<\/em> reveals traits of cold adaptation. Genome Biol 13: R39<\/p>\n<p>Chen C, Barfuss MHJ, Pr\u00f6schold T, Schagerl M (2012) Hidden genetic diversity in the green alga <em>Spirogyra<\/em> (Zygnematophyceae, Streptophyta). BMC Evol Biol 12: 77<\/p>\n<p>Krienitz L, Bock C, Kotut K, Pr\u00f6schold T (2012) Genotypic diversity of <em>Dictyosphaerium<\/em>-morphospecies (Chlorellaceae, Trebouxiophyceae) in African inland waters, including the description of four new genera. Fottea 12: 231-253<\/p>\n<p>Demchenko E, Mikhailyuk T, Coleman AW, Pr\u00f6schold T (2012) Generic and species concepts in <em>Microglena<\/em> (previously the <em>Chlamydomonas monadina<\/em> group) revised using an integrative approach. Eur J Phycol 47: 264-290<\/p>\n<p>Bock C, Krienitz L, Pr\u00f6schold T (2011) Taxonomic reassessment of the genus <em>Chlorella<\/em> (Trebouxiophyceae) using molecular signatures (barcodes), including description of seven new species. Fottea 11: 293-312<\/p>\n<p>Bock C, Pr\u00f6schold T, Krienitz L (2011) Updating the genus <em>Dictyosphaerium<\/em> and description of <em>Mucidosphaerium<\/em> gen. nov. (Trebouxiophyceae) based on morphological and molecular data. J Phycol 47: 638-652<\/p>\n<p>Caisova L, Marin B, Sausen N, Pr\u00f6schold T, Melkonian M (2011) Polyphyly of <em>Chaetophora<\/em> and <em>Stigeoclonium<\/em> within the Chaetophorales (Chlorophyceae), revealed by sequence comparisons of nuclear-encoded SSU rRNA genes. J Phycol 47: 164-177<\/p>\n<p>Pr\u00f6schold T, Darienko T, Silva PC, Reisser W, Krienitz L (2011) The systematics of &#8220;<em>Zoochlorella<\/em>&#8221; revisited employing an integrative approach. Environ Microbiol 13: 350-364<\/p>\n<p>Krienitz L, Bock C, dadheech PK, Pr\u00f6schold T (2011) The <em>Mychonastes<\/em>-clade of Chlorophyceae and the dispute on conception of orders in green algae. Phycologia 50: 89-106<\/p>\n<p>Dadheech PK, Ballot A, Casper P, Kotut K, Novelo E, Lemma B, Pr\u00f6schold T, Krienitz L (2010) Mexican <em>Arthrospira<\/em> strains show phylogenetic divergence to strains of East African and Indian origin deduced by 16S rRNA-ITS and phycocyanin operon sequences. Phycologia 49: 361-372<\/p>\n<p>Bock C, Pr\u00f6schold T, Krienitz L (2010) Two new <em>Dictyosphaerium<\/em>-morphotype lineages of the Chlorellaceae (Trebouxiophyceae): <em>Heynigia<\/em> gen. nov. and <em>Hindakia<\/em> gen. nov. Eur J Phycol 45: 267-277<\/p>\n<p>Krienitz L, Bock C, Luo W, Pr\u00f6schold T (2010) Polyphyletic origin of the <em>Dictyosphaerium<\/em>-morphotype within Chlorellaceae (Trebouxiophyceae). J Phycol 46: 559-563<\/p>\n<p>Day JG, Pr\u00f6schold T, Friedl T, Lorenz M, Silva PC (2010) Conservation of microalgal type material: approaches needed for 21st century science. Taxon 59: 3-6<\/p>\n<p>Pr\u00f6schold T, Bock C, Luo W, Krienitz L (2010) Polyphyletic origin of bristle formation in Chlorellaceae: <em>Micractinium<\/em>, <em>Didymogenes<\/em> and <em>Hegewaldia<\/em> gen. nov. (Trebouxiophyceae, Chlorophyta). Phycol Res 58: 1-8<\/p>\n<p>Luo W, Pr\u00f6schold T, Bock C, Krienitz, L (2010) Generic concept in <em>Chlorella<\/em>-related coccoid green algae (Chlorophyta, Trebouxiophyceae). Plant Biol 12: 545-553<\/p>\n<p>Darienko T, Gustavs L, Mudimu O, Rad Menendez C, Schumann R, Karsten U, Friedl T, Pr\u00f6schold T (2010) <em>Chloroidium<\/em>, a common terrestrial coccoid green alga previously assigned to <em>Chlorella<\/em> (Trebouxiophyceae, Chlorophyta). Eur J Phycol 45: 79-95<\/p>\n","protected":false},"excerpt":{"rendered":"<p>Postdoc since January 2017 at the Research Institute for Limnology, Mondsee of the Leopold-Franzens-University Innsbruck (LFUI) in the research group \u2018Ecology and Taxonomy of planktonic Ciliates\u2019 in the FWF-Project Endosymbiotic Algae and their Ciliate Hosts: Morphology, Phylogeny, Ecology (P28333-B25), PI B. Sonntag &amp; T. Pr\u00f6schold, Duration April 2016 \u2013 March 2021 Expertise: Systematics, Taxonomy and [&hellip;]<\/p>\n","protected":false},"author":1,"featured_media":0,"parent":0,"menu_order":0,"comment_status":"closed","ping_status":"closed","template":"","meta":{"footnotes":"","_links_to":"","_links_to_target":""},"class_list":["post-559","page","type-page","status-publish","hentry"],"_links":{"self":[{"href":"https:\/\/www.ciliates.at\/en\/wp-json\/wp\/v2\/pages\/559","targetHints":{"allow":["GET"]}}],"collection":[{"href":"https:\/\/www.ciliates.at\/en\/wp-json\/wp\/v2\/pages"}],"about":[{"href":"https:\/\/www.ciliates.at\/en\/wp-json\/wp\/v2\/types\/page"}],"author":[{"embeddable":true,"href":"https:\/\/www.ciliates.at\/en\/wp-json\/wp\/v2\/users\/1"}],"replies":[{"embeddable":true,"href":"https:\/\/www.ciliates.at\/en\/wp-json\/wp\/v2\/comments?post=559"}],"version-history":[{"count":16,"href":"https:\/\/www.ciliates.at\/en\/wp-json\/wp\/v2\/pages\/559\/revisions"}],"predecessor-version":[{"id":677,"href":"https:\/\/www.ciliates.at\/en\/wp-json\/wp\/v2\/pages\/559\/revisions\/677"}],"wp:attachment":[{"href":"https:\/\/www.ciliates.at\/en\/wp-json\/wp\/v2\/media?parent=559"}],"curies":[{"name":"wp","href":"https:\/\/api.w.org\/{rel}","templated":true}]}}