{"id":96,"date":"2013-10-24T19:59:55","date_gmt":"2013-10-24T17:59:55","guid":{"rendered":"http:\/\/www.ciliates.at\/en\/?page_id=96"},"modified":"2022-12-02T15:03:55","modified_gmt":"2022-12-02T13:03:55","slug":"resources-funding","status":"publish","type":"page","link":"https:\/\/www.ciliates.at\/en\/resources-funding\/","title":{"rendered":"Resources &#038; Funding"},"content":{"rendered":"<div id=\"attachment_234\" style=\"width: 680px\" class=\"wp-caption alignnone\"><a href=\"https:\/\/www.ciliates.at\/en\/wp-content\/uploads\/2013\/10\/Kopfbild_Links.jpg\"><img loading=\"lazy\" decoding=\"async\" aria-describedby=\"caption-attachment-234\" class=\"size-full wp-image-234  colorbox-96\" src=\"https:\/\/www.ciliates.at\/en\/wp-content\/uploads\/2013\/10\/Kopfbild_Links.jpg\" alt=\"\" width=\"670\" height=\"320\" \/><\/a><\/p>\n<p id=\"caption-attachment-234\" class=\"wp-caption-text\">Peritrichia on the cyanobacterium <em>Planktothrix<\/em><\/p>\n<\/div>\n<h2>Further resources:<\/h2>\n<p><a href=\"https:\/\/www.protozoologie.de\"><strong>German Society for Protozoology<\/strong><\/a><\/p>\n<p><a href=\"https:\/\/www.protozoologie.de\/protist-of-the-year\/\"><strong>Protist of the year<\/strong><\/a><\/p>\n<p><a href=\"https:\/\/protistologists.org\/\"><strong>International Society of Protistologists<\/strong><\/a><\/p>\n<p><strong>Scientific illustrations<br \/>\n<\/strong><a href=\"https:\/\/hieronymus-illustrations.com\/\">Hieronymus Illustrations<\/a><\/p>\n<p><strong>Microscopy<br \/>\n<\/strong><a href=\"http:\/\/www.optik-foto-mueller.com\/\">Optik-Foto-M\u00fcller<\/a><\/p>\n<p>&nbsp;<\/p>\n<h2>Funding:<\/h2>\n<p><strong>We greatly acknowledge the funding of our work:<\/strong><\/p>\n<p><a href=\"https:\/\/www.ciliates.at\/wp-content\/uploads\/2013\/10\/logo_fwf.jpg\"><img class=\"colorbox-96\"  loading=\"lazy\" decoding=\"async\" src=\"https:\/\/www.ciliates.at\/wp-content\/uploads\/2013\/10\/logo_fwf.jpg\" alt=\"Logo FWF\" width=\"180\" height=\"22\" \/><br \/>\n<\/a><a title=\"zur Website des Wissenschaftsfonds\" href=\"https:\/\/www.fwf.ac.at\" target=\"_blank\" rel=\"noopener\">FWF Der Wissenschaftsfonds<\/a><\/p>\n<p><a href=\"https:\/\/www.ciliates.at\/wp-content\/uploads\/2013\/10\/logo_uni-innsbruck.jpg\"><img loading=\"lazy\" decoding=\"async\" class=\"alignnone size-full wp-image-608 colorbox-96\" src=\"https:\/\/www.ciliates.at\/en\/wp-content\/uploads\/sites\/2\/2013\/10\/Sublogo-fuer-e-Mail-Signatur-ILIM.jpg\" alt=\"\" width=\"142\" height=\"86\" \/><br \/>\n<\/a><a title=\"zur Website der Leopold-Franzens-Universit\u00e4t Innsbruck\" href=\"https:\/\/www.uibk.ac.at\/ffq\/forschungsfoerderung\/\" target=\"_blank\" rel=\"noopener\">Leopold-Franzens-University Innsbruck<\/a><\/p>\n<p><a href=\"https:\/\/www.ciliates.at\/wp-content\/uploads\/2013\/10\/logo_oefg.jpg\"><img class=\"colorbox-96\"  loading=\"lazy\" decoding=\"async\" src=\"https:\/\/www.ciliates.at\/wp-content\/uploads\/2013\/10\/logo_oefg.jpg\" alt=\"Logo \u00d6FG\" width=\"85\" height=\"85\" \/><br \/>\n<\/a><a title=\"zur Website der \u00d6FG\" href=\"https:\/\/www.oefg.at\" target=\"_blank\" rel=\"noopener\">\u00d6sterreichische Forschungsgemeinschaft \u00d6FG<\/a><\/p>\n<p><a href=\"https:\/\/www.ciliates.at\/wp-content\/uploads\/2013\/10\/logo_oeaw.jpg\"><img class=\"colorbox-96\"  loading=\"lazy\" decoding=\"async\" src=\"https:\/\/www.ciliates.at\/wp-content\/uploads\/2013\/10\/logo_oeaw.jpg\" alt=\"Logo \u00d6AW\" width=\"120\" height=\"112\" \/><br \/>\n<\/a><a title=\"zur Website der \u00d6AW\" href=\"https:\/\/www.oeaw.ac.at\/\" target=\"_blank\" rel=\"noopener\">Austrian Academy of Science<\/a><\/p>\n<p><a href=\"https:\/\/www.ciliates.at\/wp-content\/uploads\/2013\/10\/logo_oead.jpg\"><img class=\"colorbox-96\"  loading=\"lazy\" decoding=\"async\" src=\"https:\/\/www.ciliates.at\/wp-content\/uploads\/2013\/10\/logo_oead.jpg\" alt=\"Logo OeAD\" width=\"170\" height=\"40\" \/><br \/>\n<\/a><a title=\"zur Website der OeAD\" href=\"https:\/\/oead.at\/en\/\" target=\"_blank\" rel=\"noopener\">\u00d6sterreichische Agentur f\u00fcr internationale Mobilit\u00e4t und Kooperation in Bildung,<br \/>\nWissenschaft und Forschung OeAD<\/a><\/p>\n","protected":false},"excerpt":{"rendered":"<p>Further resources: German Society for Protozoology Protist of the year International Society of Protistologists Scientific illustrations Hieronymus Illustrations Microscopy Optik-Foto-M\u00fcller &nbsp; Funding: We greatly acknowledge the funding of our work: FWF Der Wissenschaftsfonds Leopold-Franzens-University Innsbruck \u00d6sterreichische Forschungsgemeinschaft \u00d6FG Austrian Academy of Science \u00d6sterreichische Agentur f\u00fcr internationale Mobilit\u00e4t und Kooperation in Bildung, Wissenschaft und Forschung OeAD<\/p>\n","protected":false},"author":1,"featured_media":0,"parent":0,"menu_order":0,"comment_status":"closed","ping_status":"open","template":"","meta":{"footnotes":"","_links_to":"","_links_to_target":""},"class_list":["post-96","page","type-page","status-publish","hentry"],"_links":{"self":[{"href":"https:\/\/www.ciliates.at\/en\/wp-json\/wp\/v2\/pages\/96","targetHints":{"allow":["GET"]}}],"collection":[{"href":"https:\/\/www.ciliates.at\/en\/wp-json\/wp\/v2\/pages"}],"about":[{"href":"https:\/\/www.ciliates.at\/en\/wp-json\/wp\/v2\/types\/page"}],"author":[{"embeddable":true,"href":"https:\/\/www.ciliates.at\/en\/wp-json\/wp\/v2\/users\/1"}],"replies":[{"embeddable":true,"href":"https:\/\/www.ciliates.at\/en\/wp-json\/wp\/v2\/comments?post=96"}],"version-history":[{"count":14,"href":"https:\/\/www.ciliates.at\/en\/wp-json\/wp\/v2\/pages\/96\/revisions"}],"predecessor-version":[{"id":738,"href":"https:\/\/www.ciliates.at\/en\/wp-json\/wp\/v2\/pages\/96\/revisions\/738"}],"wp:attachment":[{"href":"https:\/\/www.ciliates.at\/en\/wp-json\/wp\/v2\/media?parent=96"}],"curies":[{"name":"wp","href":"https:\/\/api.w.org\/{rel}","templated":true}]}}